{"id":380,"date":"2024-04-28T22:18:21","date_gmt":"2024-04-28T20:18:21","guid":{"rendered":"https:\/\/democraticalgeria.org\/?page_id=380"},"modified":"2024-11-14T14:16:04","modified_gmt":"2024-11-14T13:16:04","slug":"manifestations","status":"publish","type":"page","link":"https:\/\/democraticalgeria.org\/?page_id=380","title":{"rendered":"Manifestations"},"content":{"rendered":"<p>Plusieurs manifestations ont \u00e9t\u00e9 organis\u00e9es par des militants de la diaspora alg\u00e9rienne, venant de toute l&rsquo;Europe, \u00e0 l&rsquo;occasion des sessions du comit\u00e9 contre la torture. Ces rassemblements se sont tenus en face du Palais Wilson, si\u00e8ge du comit\u00e9 contre la torture.<\/p>\n<blockquote><p>\u00ab\u00a0Nous voulons, par notre pr\u00e9sence aujourd&rsquo;hui \u00e0 cette manifestation, d\u00e9noncer haut et fort devant un lieu tr\u00e8s symbolique, qui est le si\u00e8ge du Comit\u00e9 des Nations Unies contre la torture, ces pratiques abjectes de la torture par un pouvoir sanguinaire dont la seule \u00ab\u00a0l\u00e9gitimit\u00e9\u00a0\u00bb qu&rsquo;il peut pr\u00e9valoir est sa brutalit\u00e9\u00a0\u00bb Riad militant pro-d\u00e9mocratie (Paris-France).<\/p><\/blockquote>\n<p>L&rsquo;objectif de ces manifestations r\u00e9guli\u00e8res est de rappeler au Comit\u00e9 contre la torture qu&rsquo;il n&rsquo;a pas examin\u00e9 l&rsquo;Alg\u00e9rie depuis le <strong>2 Mai 2008, 16 ans<\/strong> ! &#8230; et que la situation est plus qu&rsquo;alarmante ! Aussi, c&rsquo;est l&rsquo;occasion de clamer haut et fort, en tant qu&rsquo;Alg\u00e9riennes et Alg\u00e9riens et en prenant la communaut\u00e9 internationale pour t\u00e9moin, notre refus le plus cat\u00e9gorique de ces pratiques cruelles qui s\u00e9vissent encore et toujours en Alg\u00e9rie contre des opposants politiques pacifiques. Le pouvoir en place bafoue ainsi toutes les conventions et les tous les engagements internationaux que l&rsquo;Alg\u00e9rie a sign\u00e9.<\/p>\n<blockquote><p>\u00ab\u00a0Pas en mon nom&#8230;\u00a0\u00bb<\/p><\/blockquote>\n<table border=\"0\">\n<tbody>\n<tr>\n<th><img loading=\"lazy\" decoding=\"async\" class=\" wp-image-392 alignleft\" src=\"http:\/\/democraticalgeria.org\/wp-content\/uploads\/2024\/10\/IMG-20241021-WA0004-300x294.jpg\" alt=\"\" width=\"281\" height=\"276\" \/><\/th>\n<th><a href=\"https:\/\/youtu.be\/RpdL_FHegaE\">Lien vers la vid\u00e9o de la manifestation<\/a><\/th>\n<\/tr>\n<tr>\n<th><img loading=\"lazy\" decoding=\"async\" class=\"size-medium wp-image-392 alignleft\" src=\"http:\/\/democraticalgeria.org\/wp-content\/uploads\/2024\/04\/Stop_Torture_Mai_24-e1714337519906-213x300.jpg\" alt=\"\" width=\"213\" height=\"300\" srcset=\"https:\/\/democraticalgeria.org\/wp-content\/uploads\/2024\/04\/Stop_Torture_Mai_24-e1714337519906-213x300.jpg 213w, https:\/\/democraticalgeria.org\/wp-content\/uploads\/2024\/04\/Stop_Torture_Mai_24-e1714337519906-726x1024.jpg 726w, https:\/\/democraticalgeria.org\/wp-content\/uploads\/2024\/04\/Stop_Torture_Mai_24-e1714337519906-768x1083.jpg 768w, https:\/\/democraticalgeria.org\/wp-content\/uploads\/2024\/04\/Stop_Torture_Mai_24-e1714337519906.jpg 796w\" sizes=\"auto, (max-width: 213px) 100vw, 213px\" \/><\/th>\n<th><\/th>\n<\/tr>\n<tr>\n<th><img loading=\"lazy\" decoding=\"async\" class=\"wp-image-383 size-medium alignleft\" src=\"http:\/\/democraticalgeria.org\/wp-content\/uploads\/2024\/04\/Stop_Torture_15Nov-244x300.jpg\" alt=\"\" width=\"244\" height=\"300\" srcset=\"https:\/\/democraticalgeria.org\/wp-content\/uploads\/2024\/04\/Stop_Torture_15Nov-244x300.jpg 244w, https:\/\/democraticalgeria.org\/wp-content\/uploads\/2024\/04\/Stop_Torture_15Nov-831x1024.jpg 831w, https:\/\/democraticalgeria.org\/wp-content\/uploads\/2024\/04\/Stop_Torture_15Nov-768x946.jpg 768w, https:\/\/democraticalgeria.org\/wp-content\/uploads\/2024\/04\/Stop_Torture_15Nov.jpg 1170w\" sizes=\"auto, (max-width: 244px) 100vw, 244px\" \/><\/th>\n<th><\/th>\n<\/tr>\n<tr>\n<th><img loading=\"lazy\" decoding=\"async\" class=\" wp-image-374 alignleft\" src=\"http:\/\/democraticalgeria.org\/wp-content\/uploads\/2023\/04\/Affiche_manif_Geneve-253x300.jpg\" alt=\"\" width=\"226\" height=\"268\" srcset=\"https:\/\/democraticalgeria.org\/wp-content\/uploads\/2023\/04\/Affiche_manif_Geneve-253x300.jpg 253w, https:\/\/democraticalgeria.org\/wp-content\/uploads\/2023\/04\/Affiche_manif_Geneve.jpg 713w\" sizes=\"auto, (max-width: 226px) 100vw, 226px\" \/><\/th>\n<th><\/th>\n<\/tr>\n<\/tbody>\n<\/table>\n","protected":false},"excerpt":{"rendered":"<p>Plusieurs manifestations ont \u00e9t\u00e9 organis\u00e9es par des militants de la diaspora alg\u00e9rienne, venant de toute l&rsquo;Europe, \u00e0 l&rsquo;occasion des sessions du comit\u00e9 contre la torture. Ces rassemblements se sont tenus en face du Palais Wilson, si\u00e8ge du comit\u00e9 contre la torture. \u00ab\u00a0Nous voulons, par notre pr\u00e9sence aujourd&rsquo;hui \u00e0 cette manifestation, d\u00e9noncer haut et fort devant [&hellip;]<\/p>\n","protected":false},"author":1,"featured_media":0,"parent":0,"menu_order":0,"comment_status":"closed","ping_status":"closed","template":"","meta":{"footnotes":""},"class_list":["post-380","page","type-page","status-publish","hentry"],"_links":{"self":[{"href":"https:\/\/democraticalgeria.org\/index.php?rest_route=\/wp\/v2\/pages\/380","targetHints":{"allow":["GET"]}}],"collection":[{"href":"https:\/\/democraticalgeria.org\/index.php?rest_route=\/wp\/v2\/pages"}],"about":[{"href":"https:\/\/democraticalgeria.org\/index.php?rest_route=\/wp\/v2\/types\/page"}],"author":[{"embeddable":true,"href":"https:\/\/democraticalgeria.org\/index.php?rest_route=\/wp\/v2\/users\/1"}],"replies":[{"embeddable":true,"href":"https:\/\/democraticalgeria.org\/index.php?rest_route=%2Fwp%2Fv2%2Fcomments&post=380"}],"version-history":[{"count":30,"href":"https:\/\/democraticalgeria.org\/index.php?rest_route=\/wp\/v2\/pages\/380\/revisions"}],"predecessor-version":[{"id":421,"href":"https:\/\/democraticalgeria.org\/index.php?rest_route=\/wp\/v2\/pages\/380\/revisions\/421"}],"wp:attachment":[{"href":"https:\/\/democraticalgeria.org\/index.php?rest_route=%2Fwp%2Fv2%2Fmedia&parent=380"}],"curies":[{"name":"wp","href":"https:\/\/api.w.org\/{rel}","templated":true}]}}