{"id":445,"date":"2025-06-06T08:36:15","date_gmt":"2025-06-06T06:36:15","guid":{"rendered":"https:\/\/democraticalgeria.org\/?page_id=445"},"modified":"2025-06-06T08:36:15","modified_gmt":"2025-06-06T06:36:15","slug":"journee-mondiale-de-lenvironnement","status":"publish","type":"page","link":"https:\/\/democraticalgeria.org\/?page_id=445","title":{"rendered":"Journ\u00e9e Mondiale de l&rsquo;Environnement"},"content":{"rendered":"<div dir=\"auto\">Par <strong>Dr. Sidi Menad Si Ahmed<\/strong> (Pr\u00e9sident d&rsquo;honneur de l&rsquo;association \u00ab\u00a0Democratic Algeria\u00a0\u00bb)<\/div>\n<div dir=\"auto\"><\/div>\n<div dir=\"auto\">\n<hr \/>\n<div dir=\"auto\">\n<p>Le <strong>05 Juin<\/strong> a \u00e9t\u00e9 d\u00e9clar\u00e9 par les Nations Unies journ\u00e9e mondiale pour l&rsquo;environnement. Il ne s&rsquo;agit pas seulement d&rsquo;une c\u00e9l\u00e9bration annuelle de la protection de l&rsquo;environnement \u00e0 travers le monde mais bien plus de rappeler avec insistance les dangers qui menacent notre plan\u00e8te et ils sont nombreux mais aussi d&rsquo;insister sur les mesures de sauvegarde de ce qui est notre bien commun.C&rsquo;est \u00e9galement une piq\u00fbre de rappel \u00e0 tous les dirigeants de notre plan\u00e8te des devoirs incontournables de prot\u00e9ger chacun dans son pays son patrimoine naturel , la sant\u00e9 de ses populations et surtout de respecter toutes les conventions et trait\u00e9s internationaux qu&rsquo;ils ont ratifi\u00e9s.<\/p>\n<p>Alors qu&rsquo;en est-il dans notre pays o\u00f9 les d\u00e9fis environnementaux sont nombreux et souvent n\u00e9glig\u00e9s. Et pourtant faut-il le dire et le souligner avec force l&rsquo;Alg\u00e9rie dispose d&rsquo;un arsenal juridique et r\u00e9glementaire\u00a0 impressionnant et nous citerons quelques uns de port\u00e9e nationale \u00e0 savoir la loi sur la protection de l&rsquo;environnement ,la loi sur la protection des for\u00eats, la loi sur les parcs nationaux et toutes compl\u00e9t\u00e9es par un grand nombre de d\u00e9crets d&rsquo;application et non des moindres. L&rsquo;Alg\u00e9rie est \u00e9galement signataire de plusieurs conventions et trait\u00e9s internationaux sur l&rsquo;environnement ( changements climatiques, couche d&rsquo;ozone, convention de Stockholm sur les polluants organiques persistants, la convention de Ramsar sur les espaces prot\u00e9g\u00e9s, convention sur la biodiversit\u00e9&#8230;et bien d&rsquo;autres&#8230;).<\/p>\n<blockquote><p>\u00ab\u00a0Nous n&rsquo;avons qu&rsquo;une seule Alg\u00e9rie prot\u00e9geons la\u00a0\u00bb<\/p><\/blockquote>\n<p>Alors dirons-nous que notre pays prot\u00e8ge efficacement notre environnement y compris la sant\u00e9 des populations. Il est malheureusement permis d&rsquo;en douter car l&rsquo;application de ces textes sont loin d&rsquo;\u00eatre effective et les moyens mis en \u0153uvre sont d\u00e9risoires.Il est vrai que si l&rsquo;on s&rsquo;en tient aux d\u00e9clarations de nos officiels ,aux rapports remis annuellement aux instances internationales toutes les mesures sont prises et des chiffres \u00e9loquents sont publi\u00e9s, sauf que malheureusement dans la r\u00e9alit\u00e9 des faits les atteintes parfois graves \u00e0 notre environnement sont l\u00e9gion que ce soit les pollutions et nuisances de nos milieux r\u00e9cepteurs posant des problemes serieux \u00e0 la sante des populations, la d\u00e9sertification galopante, l&rsquo;appauvrissement de notre biodiversit\u00e9, la surexploitation des nappes phr\u00e9atiques accentuant le stress hydrique et ce ne sont pas les quelques stations de dessalement inaugur\u00e9es ici et l\u00e0 qui vont \u00eatre une solution miracle car malheureusement l&rsquo;on continue de g\u00e9rer nos ressources hydriques par \u00e0 coups et non le r\u00e9sultat d&rsquo;une v\u00e9ritable strat\u00e9gie nationale. Nos parcs nationaux v\u00e9ritables poumons du pays r\u00e9sistent tant bien que mal aux convoitises de promoteurs immobiliers, de travaux publics er autres tentatives de les morceler et ce malgr\u00e9 une loi sur les parcs nationaux qui est cens\u00e9e les prot\u00e9ger.<\/p>\n<p>En parlant de lois il est regrettable de constater que c&rsquo;est le pouvoir lui-m\u00eame qui les bafoue et le meilleur exemple \u00e9tant le projet de loi sur les mines qui propose tout simplement de supprimer l&rsquo;\u00e9tude d&rsquo;impact sur l&rsquo;environnement pour la remplacer par une simple notice \u00e0 soumettre \u00e0 un wali en contradiction avec la loi sur l&rsquo;environnement et son d\u00e9cret d&rsquo;application sur les \u00e9tudes d&rsquo;impact exigeant un accord du Ministre en charge de l&rsquo;environnement. Une entorse grave qui va d\u00e9grader durablement tous les \u00e9cosyst\u00e8mes abritant des mines et impacter la sant\u00e9 des populations.Pour exemple la mine de Zinc et de plomb deTala Hamza qui semble-t-il va bient\u00f4t entrer en phase d&rsquo;exploitation a re\u00e7u le feu vert des autorit\u00e9s en l&rsquo;absence d&rsquo;une \u00e9tude d&rsquo;impact exhaustive\u00a0 sur l&rsquo;environnement et il est \u00e0 craindre que cette belle vall\u00e9e de la Soummam qui abrite une riche biodiversit\u00e9 et le plus grand aquifere du nord du pays soit perdue pour des g\u00e9n\u00e9rations par des pollutions et nuisances graves et poser des risques sanitaires \u00e0 long terme sur les populations environnantes.Pire encore les autorit\u00e9s font fi du classement de cette vall\u00e9e comme aire prot\u00e9g\u00e9e par la Convention de Ramsar que l&rsquo;Alg\u00e9rie a ratifi\u00e9e.<\/p>\n<p>Qu&rsquo;en sera-t-il de tous ces sites o\u00f9 les mines seront brad\u00e9es \u00e0 des multinationales voraces. Les terres sahariennes semblent aussi destin\u00e9es \u00e0 \u00eatre c\u00e9d\u00e9es \u00e0 de grands groupes \u00e9trangers avec \u00e0 la cl\u00e9 l&rsquo;exploitation de la nappe albienne v\u00e9ritable tr\u00e9sor hydrique national \u00e0 pr\u00e9server et qui devrait faire l&rsquo;objet d&rsquo;une exploitation rationnelle et r\u00e9fl\u00e9chie et l&rsquo;ouvrir aux app\u00e9tits \u00e9trangers pour des retomb\u00e9es financi\u00e8res imm\u00e9diates est tout sauf acceptable.Le danger \u00e9tant une surexploitation de cette nappe pour des rendements exceptionnels sur une courte p\u00e9riode ne d\u00e9passant gu\u00e8re la dizaine d&rsquo;ann\u00e9es \u00e0 la suite desquelles une remont\u00e9e des sels inexorable st\u00e9rilisera les sols pour des g\u00e9n\u00e9rations \u00e0 venir.L&rsquo;exploitation annonc\u00e9e du gaz de shiste va \u00e9galement provoquer des pollutions chimiques graves de l&rsquo;albien dues \u00e0 la m\u00e9thode de fracuration hydrique (tres gourmande en eau ) d\u00e9cri\u00e9e dans le monde ainsi que la remont\u00e9e des sels irr\u00e9m\u00e9diable.<\/p>\n<p>Notre association tient \u00e0 alerter sur cette absence de gestion de notre patrimoine naturel et de nos ressources naturelles car hypoth\u00e9quant l&rsquo;avenir de nos g\u00e9n\u00e9rations futures.<\/p>\n<\/div>\n<\/div>\n","protected":false},"excerpt":{"rendered":"<p>Par Dr. Sidi Menad Si Ahmed (Pr\u00e9sident d&rsquo;honneur de l&rsquo;association \u00ab\u00a0Democratic Algeria\u00a0\u00bb) Le 05 Juin a \u00e9t\u00e9 d\u00e9clar\u00e9 par les Nations Unies journ\u00e9e mondiale pour l&rsquo;environnement. Il ne s&rsquo;agit pas seulement d&rsquo;une c\u00e9l\u00e9bration annuelle de la protection de l&rsquo;environnement \u00e0 travers le monde mais bien plus de rappeler avec insistance les dangers qui menacent notre [&hellip;]<\/p>\n","protected":false},"author":1,"featured_media":0,"parent":0,"menu_order":0,"comment_status":"closed","ping_status":"closed","template":"","meta":{"footnotes":""},"class_list":["post-445","page","type-page","status-publish","hentry"],"_links":{"self":[{"href":"https:\/\/democraticalgeria.org\/index.php?rest_route=\/wp\/v2\/pages\/445","targetHints":{"allow":["GET"]}}],"collection":[{"href":"https:\/\/democraticalgeria.org\/index.php?rest_route=\/wp\/v2\/pages"}],"about":[{"href":"https:\/\/democraticalgeria.org\/index.php?rest_route=\/wp\/v2\/types\/page"}],"author":[{"embeddable":true,"href":"https:\/\/democraticalgeria.org\/index.php?rest_route=\/wp\/v2\/users\/1"}],"replies":[{"embeddable":true,"href":"https:\/\/democraticalgeria.org\/index.php?rest_route=%2Fwp%2Fv2%2Fcomments&post=445"}],"version-history":[{"count":7,"href":"https:\/\/democraticalgeria.org\/index.php?rest_route=\/wp\/v2\/pages\/445\/revisions"}],"predecessor-version":[{"id":452,"href":"https:\/\/democraticalgeria.org\/index.php?rest_route=\/wp\/v2\/pages\/445\/revisions\/452"}],"wp:attachment":[{"href":"https:\/\/democraticalgeria.org\/index.php?rest_route=%2Fwp%2Fv2%2Fmedia&parent=445"}],"curies":[{"name":"wp","href":"https:\/\/api.w.org\/{rel}","templated":true}]}}